{"id":7,"date":"2017-08-19T16:46:01","date_gmt":"2017-08-19T16:46:01","guid":{"rendered":"http:\/\/francescoangelico.com\/?page_id=7\/"},"modified":"2026-05-10T11:46:32","modified_gmt":"2026-05-10T09:46:32","slug":"biografia","status":"publish","type":"page","link":"https:\/\/francescoangelico.com\/it\/biografia\/","title":{"rendered":"Biografia"},"content":{"rendered":"\n<div class=\"wp-block-columns is-layout-flex wp-container-core-columns-is-layout-9d6595d7 wp-block-columns-is-layout-flex\">\n<div class=\"wp-block-column is-layout-flow wp-block-column-is-layout-flow\" style=\"flex-basis:100%\">\n<p>Nato a Caltagirone, in Sicilia, Francesco Angelico dirige regolarmente in grandi teatri d\u2019opera del mondo, tra cui la Tokyo Opera City, la Bayerische Staatsoper di Monaco, l\u2019Opera di Stoccarda, l\u2019Opera di Graz e l\u2019Opera du Capitole di Tolosa.<\/p>\n<p>Il suo lavoro sul repertorio tedesco \u00e8 molto apprezzato, in particolar modo la sua interpretazione di Wagner Das Ring der Nibelungen ed il ciclo Schumann-Brahms hanno riscosso unanime riconoscimento dalla critica.<\/p>\n<p>Tra gli impegni della stagione 2025-26 si segnalano una nuova produzione di Der Freisch\u00fctz di Weber all\u2019Opera di G\u00f6teborg, il debutto alla Semperoper di Dresda con Rigoletto; la prima francese di Die Passagierin di Weinberg in una nuova produzione al Th\u00e9\u00e2tre du Capitole di Tolosa, Turandot al Nieders\u00e4chsisches Staatstheater Hannover, la Boh\u00e8me allo Badisches Staatstheater di Karlsruhe nonch\u00e9 concerti sinfonici con la Symphonieorchester Vorarlberg, la Staatsorchester Hannover e la Gunma Symphony Orchestra.<\/p>\n<p>A partire dalla stagione 2026-27 Francesco Angelico sar\u00e0 Generalmusikdirektor al Nieders\u00e4chsisches Staatstheater Hannover.<\/p>\n<p>Dal 2017 al 2025 \u00e8 stato Generalmusikdirektor dello Hessisches Staatstheater Kassel, e dal 2024 Chefdirigent della Staatsorchester Kassel. Al termine del suo mandato l&#8217;orchestra, con il consenso del Ministero dell&#8217;Istruzione, della Scienza e della Cultura dell&#8217;Assia, gli ha conferito il titolo di \u201cEhrendirigent\u201d (Direttore Emerito). Dal 2013 al 2017 \u00e8 stato direttore principale della Tiroler Symphonieorchester Innsbruck cos\u00ec come del Landestheater di Innsbruck.<\/p>\n<p>Da ottobre 2025 Francesco Angelico ricopre il ruolo di docente di direzione d&#8217;opera presso l\u2019Universit\u00e0 per la musica e le arti interpretative di Vienna.<\/p>\n<p>Dopo essersi diplomato in violoncello al Conservatorio di Modena nel 2001, Francesco Angelico ha iniziato gli studi di direzione d\u2019orchestra con Giorgio Bernasconi al Conservatorio di Lugano nel 2003, diplomandosi nel 2006. In questo periodo ha lavorato come assistente di Bernasconi nella rassegna di concerti di musica contemporanea \u201c900 Passato e presente\u201d organizzata dalla Radio Svizzera dove nasce il suo interesse per la musica contemporanea alla quale dedica un ruolo importante nel suo repertorio.<\/p>\n<p>Nel 2016 ha ricevuto il Premio Austriaco per il Teatro Musicale \u201cGoldener Schikaneder\u201d per la sua interpretazione di Adriana Lecouvreur di Francesco Cilea. Nel 2011 ha vinto il Deutscher Dirigentenpreis.<\/p>\n<p>\u00a0<\/p>\n\n\n\n\n\n<div class=\"wp-block-columns is-layout-flex wp-container-core-columns-is-layout-9d6595d7 wp-block-columns-is-layout-flex\">\n<div class=\"wp-block-column is-layout-flow wp-block-column-is-layout-flow\"><\/div>\n\n\n\n<div class=\"wp-block-column is-layout-flow wp-block-column-is-layout-flow\"><\/div>\n<\/div>\n<\/div>\n<\/div>\n\n\n\n\n","protected":false},"excerpt":{"rendered":"Nato a Caltagirone, in Sicilia, Francesco Angelico dirige regolarmente in grandi teatri d\u2019opera del mondo, tra cui la Tokyo Opera City, la Bayerische Staatsoper di Monaco, l\u2019Opera di Stoccarda, l\u2019Opera&#8230; <a class=\"view-article\" href=\"https:\/\/francescoangelico.com\/it\/biografia\/\">Mostra articolo<\/a>","protected":false},"author":2,"featured_media":0,"parent":0,"menu_order":0,"comment_status":"closed","ping_status":"closed","template":"template-bio.php","meta":{"_acf_changed":false,"footnotes":""},"class_list":["post-7","page","type-page","status-publish","hentry"],"acf":[],"_links":{"self":[{"href":"https:\/\/francescoangelico.com\/it\/wp-json\/wp\/v2\/pages\/7","targetHints":{"allow":["GET"]}}],"collection":[{"href":"https:\/\/francescoangelico.com\/it\/wp-json\/wp\/v2\/pages"}],"about":[{"href":"https:\/\/francescoangelico.com\/it\/wp-json\/wp\/v2\/types\/page"}],"author":[{"embeddable":true,"href":"https:\/\/francescoangelico.com\/it\/wp-json\/wp\/v2\/users\/2"}],"replies":[{"embeddable":true,"href":"https:\/\/francescoangelico.com\/it\/wp-json\/wp\/v2\/comments?post=7"}],"version-history":[{"count":16,"href":"https:\/\/francescoangelico.com\/it\/wp-json\/wp\/v2\/pages\/7\/revisions"}],"predecessor-version":[{"id":6146,"href":"https:\/\/francescoangelico.com\/it\/wp-json\/wp\/v2\/pages\/7\/revisions\/6146"}],"wp:attachment":[{"href":"https:\/\/francescoangelico.com\/it\/wp-json\/wp\/v2\/media?parent=7"}],"curies":[{"name":"wp","href":"https:\/\/api.w.org\/{rel}","templated":true}]}}