{"id":31,"date":"2017-08-19T16:46:01","date_gmt":"2017-08-19T16:46:01","guid":{"rendered":"http:\/\/francescoangelico.com\/biografia\/"},"modified":"2025-08-14T19:03:19","modified_gmt":"2025-08-14T17:03:19","slug":"biografia","status":"publish","type":"page","link":"https:\/\/francescoangelico.com\/de\/biografia\/","title":{"rendered":"Biografie"},"content":{"rendered":"\n<div class=\"wp-block-columns is-layout-flex wp-container-core-columns-is-layout-9d6595d7 wp-block-columns-is-layout-flex\">\n<div class=\"wp-block-column is-layout-flow wp-block-column-is-layout-flow\" style=\"flex-basis:100%\">\n<div class=\"wp-block-columns\">\u00a0<\/div>\n<p>Francesco Angelico wurde in Caltagirone, Sizilien, geboren und dirigiert regelm\u00e4\u00dfig an bedeutenden Opernh\u00e4usern weltweit, darunter die Tokyo Opera City, die Bayerische Staatsoper in M\u00fcnchen, die Oper Stuttgart, die Oper Graz sowie das Th\u00e9\u00e2tre du Capitole in Toulouse.<\/p>\n<p>Sein Wirken im deutschen Repertoire wird besonders gesch\u00e4tzt; insbesondere seine Interpretationen von Wagners Der Ring des Nibelungen sowie des Schumann-Brahms-Zyklus erhielten einhellige Anerkennung der Fachkritik.<\/p>\n<p>In der Saison 2024\/25 kehrte er an die Bayerische Staatsoper zur\u00fcck, um Thomas Larchers Das Jagdgewehr zu dirigieren. Zudem leitete er L\u2019Elisir d\u2019amore von Donizetti an der Lettischen Nationaloper in Riga sowie Madama Butterfly in Ancona. Im Dezember 2024 deb\u00fctierte er mit dem Yomiuri Nippon Symphony Orchestra auf einer Tournee durch die bedeutendsten Konzerth\u00e4user Japans.<\/p>\n<p>Zu seinen kommenden Engagements in der Saison 2025\/26 z\u00e4hlen Der Freisch\u00fctz an der G\u00f6teborger Oper, Weinbergs Die Passagierin am Th\u00e9\u00e2tre du Capitole in Toulouse, Rigoletto an der Semperoper Dresden sowie symphonische Konzerte mit dem Symphonieorchester Vorarlberg, dem Staatsorchester Hannover und dem Gunma Symphony Orchestra.<\/p>\n<p>Ab Oktober 2025 \u00fcbernimmt Francesco Angelico die Professur f\u00fcr Operndirigieren an der Universit\u00e4t f\u00fcr Musik und darstellende Kunst Wien.<\/p>\n<p>Nach dem Violoncellostudium am Konservatorium in Modena, das er 2001 abschloss, begann er 2003 ein Dirigierstudium bei Giorgio Bernasconi am Konservatorium in Lugano, das er 2006 mit Auszeichnung beendete. W\u00e4hrend dieser Zeit war er als Assistent Bernasconis in der Konzertreihe \u201e900 Passato e presente\u201c der Schweizer Radio f\u00fcr zeitgen\u00f6ssische Musik t\u00e4tig \u2013 eine Erfahrung, die sein starkes Interesse an Neuer Musik nachhaltig pr\u00e4gte.<\/p>\n<p>Von 2017 bis 2025 war Francesco Angelico Generalmusikdirektor des Staatstheaters Kassel. Seit 2024 ist er Chefdirigent des Staatsorchesters Kassel. Zum Ende seiner Amtszeit verlieh ihm das Orchester \u2013 mit Zustimmung des Hessischen Ministeriums f\u00fcr Wissenschaft und Kunst \u2013 den Titel \u201eEhrendirigent\u201c. Von 2013 bis 2017 war er Chefdirigent des Tiroler Symphonieorchesters Innsbruck und des Landestheaters Innsbruck.<\/p>\n<p>Im Jahr 2016 wurde ihm der \u00d6sterreichische Musiktheaterpreis \u201eGoldener Schikaneder\u201c f\u00fcr seine Interpretation von Francesco Cileas Adriana Lecouvreur verliehen. 2011 gewann er den Deutschen Dirigentenpreis.<\/p>\n<p>\u00a0<\/p>\n<p>\u00a0<\/p>\n<\/div>\n<\/div>\n\n\n\n<div class=\"wp-block-columns is-layout-flex wp-container-core-columns-is-layout-9d6595d7 wp-block-columns-is-layout-flex\">\n<div class=\"wp-block-column is-vertically-aligned-stretch is-layout-flow wp-block-column-is-layout-flow\" style=\"flex-basis:100%\"><\/div>\n<\/div>\n","protected":false},"excerpt":{"rendered":"\u00a0 Francesco Angelico wurde in Caltagirone, Sizilien, geboren und dirigiert regelm\u00e4\u00dfig an bedeutenden Opernh\u00e4usern weltweit, darunter die Tokyo Opera City, die Bayerische Staatsoper in M\u00fcnchen, die Oper Stuttgart, die Oper&#8230; <a class=\"view-article\" href=\"https:\/\/francescoangelico.com\/de\/biografia\/\">Artikel ansehen<\/a>","protected":false},"author":2,"featured_media":0,"parent":0,"menu_order":0,"comment_status":"closed","ping_status":"closed","template":"template-bio.php","meta":{"_acf_changed":false,"footnotes":""},"class_list":["post-31","page","type-page","status-publish","hentry"],"acf":[],"_links":{"self":[{"href":"https:\/\/francescoangelico.com\/de\/wp-json\/wp\/v2\/pages\/31","targetHints":{"allow":["GET"]}}],"collection":[{"href":"https:\/\/francescoangelico.com\/de\/wp-json\/wp\/v2\/pages"}],"about":[{"href":"https:\/\/francescoangelico.com\/de\/wp-json\/wp\/v2\/types\/page"}],"author":[{"embeddable":true,"href":"https:\/\/francescoangelico.com\/de\/wp-json\/wp\/v2\/users\/2"}],"replies":[{"embeddable":true,"href":"https:\/\/francescoangelico.com\/de\/wp-json\/wp\/v2\/comments?post=31"}],"version-history":[{"count":15,"href":"https:\/\/francescoangelico.com\/de\/wp-json\/wp\/v2\/pages\/31\/revisions"}],"predecessor-version":[{"id":6103,"href":"https:\/\/francescoangelico.com\/de\/wp-json\/wp\/v2\/pages\/31\/revisions\/6103"}],"wp:attachment":[{"href":"https:\/\/francescoangelico.com\/de\/wp-json\/wp\/v2\/media?parent=31"}],"curies":[{"name":"wp","href":"https:\/\/api.w.org\/{rel}","templated":true}]}}